{"id":674,"date":"2023-11-15T16:52:43","date_gmt":"2023-11-15T15:52:43","guid":{"rendered":"https:\/\/antedate-clothing.com\/?page_id=674"},"modified":"2024-09-26T14:58:01","modified_gmt":"2024-09-26T12:58:01","slug":"contact","status":"publish","type":"page","link":"https:\/\/antedate.com\/en\/contact\/","title":{"rendered":"Contact"},"content":{"rendered":"<div data-elementor-type=\"wp-page\" data-elementor-id=\"674\" class=\"elementor elementor-674\" data-elementor-post-type=\"page\">\n\t\t\t\t<div class=\"elementor-element elementor-element-5abeb78 e-con-full e-flex e-con e-parent\" data-id=\"5abeb78\" data-element_type=\"container\">\n\t\t<div class=\"elementor-element elementor-element-db0f33b e-con-full e-flex e-con e-child\" data-id=\"db0f33b\" data-element_type=\"container\">\n\t\t\t\t<div class=\"elementor-element elementor-element-42bf238 elementor-widget elementor-widget-heading\" data-id=\"42bf238\" data-element_type=\"widget\" data-widget_type=\"heading.default\">\n\t\t\t\t<div class=\"elementor-widget-container\">\n\t\t\t\t\t<h1 class=\"elementor-heading-title elementor-size-default\">Contact us<\/h1>\t\t\t\t<\/div>\n\t\t\t\t<\/div>\n\t\t<div class=\"elementor-element elementor-element-86d4f83 e-con-full e-flex e-con e-child\" data-id=\"86d4f83\" data-element_type=\"container\">\n\t\t<div class=\"elementor-element elementor-element-c9580e1 e-con-full e-flex e-con e-child\" data-id=\"c9580e1\" data-element_type=\"container\">\n\t\t\t\t<div class=\"elementor-element elementor-element-eed4374 elementor-widget elementor-widget-text-editor\" data-id=\"eed4374\" data-element_type=\"widget\" data-widget_type=\"text-editor.default\">\n\t\t\t\t<div class=\"elementor-widget-container\">\n\t\t\t\t\t\t\t\t\t<p>For all applicable inquiries, please fill out the form below and we will respond at our soonest availability. We thank you for your patience and support.<\/p>\t\t\t\t\t\t\t\t<\/div>\n\t\t\t\t<\/div>\n\t\t\t\t<div class=\"elementor-element elementor-element-3dbe543 elementor-button-align-stretch elementor-widget elementor-widget-form\" data-id=\"3dbe543\" data-element_type=\"widget\" data-settings=\"{&quot;step_next_label&quot;:&quot;Suivant&quot;,&quot;step_previous_label&quot;:&quot;Pr\\u00e9c\\u00e9dent&quot;,&quot;button_width&quot;:&quot;100&quot;,&quot;step_type&quot;:&quot;number_text&quot;,&quot;step_icon_shape&quot;:&quot;circle&quot;}\" data-widget_type=\"form.default\">\n\t\t\t\t<div class=\"elementor-widget-container\">\n\t\t\t\t\t\t\t<form class=\"elementor-form\" method=\"post\" name=\"Formulaire de contact\" aria-label=\"Contact form\" action=\"\">\n\t\t\t<input type=\"hidden\" name=\"post_id\" value=\"674\"\/>\n\t\t\t<input type=\"hidden\" name=\"form_id\" value=\"3dbe543\"\/>\n\t\t\t<input type=\"hidden\" name=\"referer_title\" value=\"Contact - Ant\u00e9 Dat\u00e9\" \/>\n\n\t\t\t\t\t\t\t<input type=\"hidden\" name=\"queried_id\" value=\"674\"\/>\n\t\t\t\n\t\t\t<div class=\"elementor-form-fields-wrapper elementor-labels-\">\n\t\t\t\t\t\t\t\t<div class=\"elementor-field-type-text elementor-field-group elementor-column elementor-field-group-name elementor-col-100\">\n\t\t\t\t\t\t\t\t\t\t\t\t<label for=\"form-field-name\" class=\"elementor-field-label elementor-screen-only\">\n\t\t\t\t\t\t\t\tSecond name\t\t\t\t\t\t\t<\/label>\n\t\t\t\t\t\t\t\t\t\t\t\t\t\t<input size=\"1\" type=\"text\" name=\"form_fields[name]\" id=\"form-field-name\" class=\"elementor-field elementor-size-sm  elementor-field-textual\" placeholder=\"Second name\">\n\t\t\t\t\t\t\t\t\t\t\t<\/div>\n\t\t\t\t\t\t\t\t<div class=\"elementor-field-type-text elementor-field-group elementor-column elementor-field-group-field_952a41b elementor-col-100\">\n\t\t\t\t\t\t\t\t\t\t\t\t<label for=\"form-field-field_952a41b\" class=\"elementor-field-label elementor-screen-only\">\n\t\t\t\t\t\t\t\tFirst name\t\t\t\t\t\t\t<\/label>\n\t\t\t\t\t\t\t\t\t\t\t\t\t\t<input size=\"1\" type=\"text\" name=\"form_fields[field_952a41b]\" id=\"form-field-field_952a41b\" class=\"elementor-field elementor-size-sm  elementor-field-textual\" placeholder=\"First name\">\n\t\t\t\t\t\t\t\t\t\t\t<\/div>\n\t\t\t\t\t\t\t\t<div class=\"elementor-field-type-email elementor-field-group elementor-column elementor-field-group-email elementor-col-100 elementor-field-required\">\n\t\t\t\t\t\t\t\t\t\t\t\t<label for=\"form-field-email\" class=\"elementor-field-label elementor-screen-only\">\n\t\t\t\t\t\t\t\tEmail\t\t\t\t\t\t\t<\/label>\n\t\t\t\t\t\t\t\t\t\t\t\t\t\t<input size=\"1\" type=\"email\" name=\"form_fields[email]\" id=\"form-field-email\" class=\"elementor-field elementor-size-sm  elementor-field-textual\" placeholder=\"Email\" required=\"required\">\n\t\t\t\t\t\t\t\t\t\t\t<\/div>\n\t\t\t\t\t\t\t\t<div class=\"elementor-field-type-textarea elementor-field-group elementor-column elementor-field-group-message elementor-col-100\">\n\t\t\t\t\t\t\t\t\t\t\t\t<label for=\"form-field-message\" class=\"elementor-field-label elementor-screen-only\">\n\t\t\t\t\t\t\t\tMessage\t\t\t\t\t\t\t<\/label>\n\t\t\t\t\t\t<textarea class=\"elementor-field-textual elementor-field  elementor-size-sm\" name=\"form_fields[message]\" id=\"form-field-message\" rows=\"4\" placeholder=\"Message\"><\/textarea>\t\t\t\t<\/div>\n\t\t\t\t\t\t\t\t<div class=\"elementor-field-type-recaptcha_v3 elementor-field-group elementor-column elementor-field-group-field_fb2ae07 elementor-col-100 recaptcha_v3-inline\">\n\t\t\t\t\t<div class=\"elementor-field\" id=\"form-field-field_fb2ae07\"><div class=\"elementor-g-recaptcha\" data-sitekey=\"6LdP40UpAAAAAHZaUX_YPBNT0MnHfF2LFsvkkd2t\" data-type=\"v3\" data-action=\"Form\" data-badge=\"inline\" data-size=\"invisible\"><\/div><\/div>\t\t\t\t<\/div>\n\t\t\t\t\t\t\t\t<div class=\"elementor-field-group elementor-column elementor-field-type-submit elementor-col-100 e-form__buttons\">\n\t\t\t\t\t<button class=\"elementor-button elementor-size-sm\" type=\"submit\">\n\t\t\t\t\t\t<span class=\"elementor-button-content-wrapper\">\n\t\t\t\t\t\t\t\t\t\t\t\t\t\t\t\t\t\t\t\t\t\t<span class=\"elementor-button-text\">Send<\/span>\n\t\t\t\t\t\t\t\t\t\t\t\t\t<\/span>\n\t\t\t\t\t<\/button>\n\t\t\t\t<\/div>\n\t\t\t<\/div>\n\t\t<input type=\"hidden\" name=\"trp-form-language\" value=\"en\"\/><\/form>\n\t\t\t\t\t\t<\/div>\n\t\t\t\t<\/div>\n\t\t\t\t<div class=\"elementor-element elementor-element-60126b6 elementor-widget elementor-widget-text-editor\" data-id=\"60126b6\" data-element_type=\"widget\" data-widget_type=\"text-editor.default\">\n\t\t\t\t<div class=\"elementor-widget-container\">\n\t\t\t\t\t\t\t\t\t<p><span style=\"font-weight: 400;\">En cliquant sur \u00ab\u00a0Envoyer\u00a0\u00bb vous consentez \u00e0 ce que vos donn\u00e9es soient trait\u00e9es afin de r\u00e9pondre \u00e0 votre demande de contact. Pour en savoir plus sur le traitement de vos donn\u00e9es, vous pouvez consulter notre <\/span><span style=\"color: #0000ff;\"><a style=\"color: #0000ff;\" href=\"https:\/\/antedate.com\/en\/general\/\"><b>Privacy Policy<\/b><\/a><\/span><span style=\"font-weight: 400;\">.<\/span><\/p>\t\t\t\t\t\t\t\t<\/div>\n\t\t\t\t<\/div>\n\t\t\t\t<\/div>\n\t\t\t\t<\/div>\n\t\t\t\t<\/div>\n\t\t\t\t<\/div>\n\t\t\t\t<\/div>","protected":false},"excerpt":{"rendered":"<p>Contactez-nous Pour toute demande concernant un produit, une commande, ou bien la marque, veuillez remplir le formulaire ci-dessous et nous vous r\u00e9pondrons dans les plus brefs d\u00e9lais. Nous vous remercions pour votre patience et votre soutien. En cliquant sur \u00ab\u00a0Envoyer\u00a0\u00bb vous consentez \u00e0 ce que vos donn\u00e9es soient trait\u00e9es afin de r\u00e9pondre \u00e0 votre demande [&hellip;]<\/p>","protected":false},"author":1,"featured_media":0,"parent":0,"menu_order":0,"comment_status":"closed","ping_status":"closed","template":"elementor_header_footer","meta":{"_acf_changed":false,"footnotes":""},"class_list":["post-674","page","type-page","status-publish","hentry"],"acf":[],"yoast_head":"<!-- This site is optimized with the Yoast SEO plugin v26.6 - https:\/\/yoast.com\/wordpress\/plugins\/seo\/ -->\n<title>Contact - Ant\u00e9 Dat\u00e9<\/title>\n<meta name=\"description\" content=\"Pour toute demande, veuillez remplir le formulaire ci-dessous et nous vous r\u00e9pondrons dans les plus brefs d\u00e9lais.\" \/>\n<meta name=\"robots\" content=\"index, follow, max-snippet:-1, max-image-preview:large, max-video-preview:-1\" \/>\n<link rel=\"canonical\" href=\"https:\/\/antedate.com\/en\/contact\/\" \/>\n<meta property=\"og:locale\" content=\"en_GB\" \/>\n<meta property=\"og:type\" content=\"article\" \/>\n<meta property=\"og:title\" content=\"Contact - Ant\u00e9 Dat\u00e9\" \/>\n<meta property=\"og:description\" content=\"Pour toute demande, veuillez remplir le formulaire ci-dessous et nous vous r\u00e9pondrons dans les plus brefs d\u00e9lais.\" \/>\n<meta property=\"og:url\" content=\"https:\/\/antedate.com\/en\/contact\/\" \/>\n<meta property=\"og:site_name\" content=\"Ant\u00e9 Dat\u00e9\" \/>\n<meta property=\"article:modified_time\" content=\"2024-09-26T12:58:01+00:00\" \/>\n<meta name=\"twitter:card\" content=\"summary_large_image\" \/>\n<meta name=\"twitter:label1\" content=\"Estimated reading time\" \/>\n\t<meta name=\"twitter:data1\" content=\"1 minute\" \/>\n<script type=\"application\/ld+json\" class=\"yoast-schema-graph\">{\"@context\":\"https:\/\/schema.org\",\"@graph\":[{\"@type\":\"WebPage\",\"@id\":\"https:\/\/antedate.com\/contact\/\",\"url\":\"https:\/\/antedate.com\/contact\/\",\"name\":\"Contact - Ant\u00e9 Dat\u00e9\",\"isPartOf\":{\"@id\":\"https:\/\/antedate.com\/#website\"},\"datePublished\":\"2023-11-15T15:52:43+00:00\",\"dateModified\":\"2024-09-26T12:58:01+00:00\",\"description\":\"Pour toute demande, veuillez remplir le formulaire ci-dessous et nous vous r\u00e9pondrons dans les plus brefs d\u00e9lais.\",\"breadcrumb\":{\"@id\":\"https:\/\/antedate.com\/contact\/#breadcrumb\"},\"inLanguage\":\"en-GB\",\"potentialAction\":[{\"@type\":\"ReadAction\",\"target\":[\"https:\/\/antedate.com\/contact\/\"]}]},{\"@type\":\"BreadcrumbList\",\"@id\":\"https:\/\/antedate.com\/contact\/#breadcrumb\",\"itemListElement\":[{\"@type\":\"ListItem\",\"position\":1,\"name\":\"Accueil\",\"item\":\"https:\/\/antedate.com\/\"},{\"@type\":\"ListItem\",\"position\":2,\"name\":\"Contact\"}]},{\"@type\":\"WebSite\",\"@id\":\"https:\/\/antedate.com\/#website\",\"url\":\"https:\/\/antedate.com\/\",\"name\":\"Ant\u00e9 Dat\u00e9\",\"description\":\"\",\"publisher\":{\"@id\":\"https:\/\/antedate.com\/#organization\"},\"potentialAction\":[{\"@type\":\"SearchAction\",\"target\":{\"@type\":\"EntryPoint\",\"urlTemplate\":\"https:\/\/antedate.com\/?s={search_term_string}\"},\"query-input\":{\"@type\":\"PropertyValueSpecification\",\"valueRequired\":true,\"valueName\":\"search_term_string\"}}],\"inLanguage\":\"en-GB\"},{\"@type\":\"Organization\",\"@id\":\"https:\/\/antedate.com\/#organization\",\"name\":\"Ant\u00e9 Dat\u00e9\",\"url\":\"https:\/\/antedate.com\/\",\"logo\":{\"@type\":\"ImageObject\",\"inLanguage\":\"en-GB\",\"@id\":\"https:\/\/antedate.com\/#\/schema\/logo\/image\/\",\"url\":\"https:\/\/antedate.com\/wp-content\/uploads\/2024\/09\/cropped-cropped-LOGO-noir.png\",\"contentUrl\":\"https:\/\/antedate.com\/wp-content\/uploads\/2024\/09\/cropped-cropped-LOGO-noir.png\",\"width\":1053,\"height\":220,\"caption\":\"Ant\u00e9 Dat\u00e9\"},\"image\":{\"@id\":\"https:\/\/antedate.com\/#\/schema\/logo\/image\/\"}}]}<\/script>\n<!-- \/ Yoast SEO plugin. -->","yoast_head_json":{"title":"Contact - Ant\u00e9 Dat\u00e9","description":"Pour toute demande, veuillez remplir le formulaire ci-dessous et nous vous r\u00e9pondrons dans les plus brefs d\u00e9lais.","robots":{"index":"index","follow":"follow","max-snippet":"max-snippet:-1","max-image-preview":"max-image-preview:large","max-video-preview":"max-video-preview:-1"},"canonical":"https:\/\/antedate.com\/en\/contact\/","og_locale":"en_GB","og_type":"article","og_title":"Contact - Ant\u00e9 Dat\u00e9","og_description":"Pour toute demande, veuillez remplir le formulaire ci-dessous et nous vous r\u00e9pondrons dans les plus brefs d\u00e9lais.","og_url":"https:\/\/antedate.com\/en\/contact\/","og_site_name":"Ant\u00e9 Dat\u00e9","article_modified_time":"2024-09-26T12:58:01+00:00","twitter_card":"summary_large_image","twitter_misc":{"Estimated reading time":"1 minute"},"schema":{"@context":"https:\/\/schema.org","@graph":[{"@type":"WebPage","@id":"https:\/\/antedate.com\/contact\/","url":"https:\/\/antedate.com\/contact\/","name":"Contact - Ant\u00e9 Dat\u00e9","isPartOf":{"@id":"https:\/\/antedate.com\/#website"},"datePublished":"2023-11-15T15:52:43+00:00","dateModified":"2024-09-26T12:58:01+00:00","description":"Pour toute demande, veuillez remplir le formulaire ci-dessous et nous vous r\u00e9pondrons dans les plus brefs d\u00e9lais.","breadcrumb":{"@id":"https:\/\/antedate.com\/contact\/#breadcrumb"},"inLanguage":"en-GB","potentialAction":[{"@type":"ReadAction","target":["https:\/\/antedate.com\/contact\/"]}]},{"@type":"BreadcrumbList","@id":"https:\/\/antedate.com\/contact\/#breadcrumb","itemListElement":[{"@type":"ListItem","position":1,"name":"Accueil","item":"https:\/\/antedate.com\/"},{"@type":"ListItem","position":2,"name":"Contact"}]},{"@type":"WebSite","@id":"https:\/\/antedate.com\/#website","url":"https:\/\/antedate.com\/","name":"Ant\u00e9 Dat\u00e9","description":"","publisher":{"@id":"https:\/\/antedate.com\/#organization"},"potentialAction":[{"@type":"SearchAction","target":{"@type":"EntryPoint","urlTemplate":"https:\/\/antedate.com\/?s={search_term_string}"},"query-input":{"@type":"PropertyValueSpecification","valueRequired":true,"valueName":"search_term_string"}}],"inLanguage":"en-GB"},{"@type":"Organization","@id":"https:\/\/antedate.com\/#organization","name":"Ant\u00e9 Dat\u00e9","url":"https:\/\/antedate.com\/","logo":{"@type":"ImageObject","inLanguage":"en-GB","@id":"https:\/\/antedate.com\/#\/schema\/logo\/image\/","url":"https:\/\/antedate.com\/wp-content\/uploads\/2024\/09\/cropped-cropped-LOGO-noir.png","contentUrl":"https:\/\/antedate.com\/wp-content\/uploads\/2024\/09\/cropped-cropped-LOGO-noir.png","width":1053,"height":220,"caption":"Ant\u00e9 Dat\u00e9"},"image":{"@id":"https:\/\/antedate.com\/#\/schema\/logo\/image\/"}}]}},"_links":{"self":[{"href":"https:\/\/antedate.com\/en\/wp-json\/wp\/v2\/pages\/674","targetHints":{"allow":["GET"]}}],"collection":[{"href":"https:\/\/antedate.com\/en\/wp-json\/wp\/v2\/pages"}],"about":[{"href":"https:\/\/antedate.com\/en\/wp-json\/wp\/v2\/types\/page"}],"author":[{"embeddable":true,"href":"https:\/\/antedate.com\/en\/wp-json\/wp\/v2\/users\/1"}],"replies":[{"embeddable":true,"href":"https:\/\/antedate.com\/en\/wp-json\/wp\/v2\/comments?post=674"}],"version-history":[{"count":96,"href":"https:\/\/antedate.com\/en\/wp-json\/wp\/v2\/pages\/674\/revisions"}],"predecessor-version":[{"id":2607,"href":"https:\/\/antedate.com\/en\/wp-json\/wp\/v2\/pages\/674\/revisions\/2607"}],"wp:attachment":[{"href":"https:\/\/antedate.com\/en\/wp-json\/wp\/v2\/media?parent=674"}],"curies":[{"name":"wp","href":"https:\/\/api.w.org\/{rel}","templated":true}]}}