{"id":2749,"date":"2025-01-22T10:58:38","date_gmt":"2025-01-22T09:58:38","guid":{"rendered":"https:\/\/antedate.com\/?post_type=product&#038;p=2749"},"modified":"2025-05-19T18:00:48","modified_gmt":"2025-05-19T16:00:48","slug":"grey-flame-beanie","status":"publish","type":"product","link":"https:\/\/antedate.com\/en\/product\/grey-flame-beanie\/","title":{"rendered":"Grey Flame Beanie Blue"},"content":{"rendered":"<p>Dessin unique Ant\u00e9 Dat\u00e9<br \/>\nFin et souple<br \/>\nBonnet en quatre quartiers<\/p>","protected":false},"excerpt":{"rendered":"<p>Dessin unique Ant\u00e9 Dat\u00e9 Fin et souple Bonnet en quatre quartiers<\/p>","protected":false},"featured_media":2703,"template":"","meta":{"_acf_changed":false},"product_brand":[],"product_cat":[17],"product_tag":[],"class_list":{"0":"post-2749","1":"product","2":"type-product","3":"status-publish","4":"has-post-thumbnail","6":"product_cat-non-classe","8":"first","9":"instock","10":"shipping-taxable","11":"purchasable","12":"product-type-simple"},"acf":[],"yoast_head":"<!-- This site is optimized with the Yoast SEO plugin v26.6 - https:\/\/yoast.com\/wordpress\/plugins\/seo\/ -->\n<title>Grey Flame Beanie Blue - Ant\u00e9 Dat\u00e9<\/title>\n<meta name=\"robots\" content=\"index, follow, max-snippet:-1, max-image-preview:large, max-video-preview:-1\" \/>\n<link rel=\"canonical\" href=\"https:\/\/antedate.com\/en\/product\/grey-flame-beanie\/\" \/>\n<meta property=\"og:locale\" content=\"en_GB\" \/>\n<meta property=\"og:type\" content=\"article\" \/>\n<meta property=\"og:title\" content=\"Grey Flame Beanie Blue - Ant\u00e9 Dat\u00e9\" \/>\n<meta property=\"og:description\" content=\"Dessin unique Ant\u00e9 Dat\u00e9 Fin et souple Bonnet en quatre quartiers\" \/>\n<meta property=\"og:url\" content=\"https:\/\/antedate.com\/en\/product\/grey-flame-beanie\/\" \/>\n<meta property=\"og:site_name\" content=\"Ant\u00e9 Dat\u00e9\" \/>\n<meta property=\"article:modified_time\" content=\"2025-05-19T16:00:48+00:00\" \/>\n<meta property=\"og:image\" content=\"https:\/\/antedate.com\/wp-content\/uploads\/2025\/01\/Ante-Date-Bonnet-Strass-0258-1600x2000-1.jpg\" \/>\n\t<meta property=\"og:image:width\" content=\"1600\" \/>\n\t<meta property=\"og:image:height\" content=\"2000\" \/>\n\t<meta property=\"og:image:type\" content=\"image\/jpeg\" \/>\n<meta name=\"twitter:card\" content=\"summary_large_image\" \/>\n<meta name=\"twitter:label1\" content=\"Estimated reading time\" \/>\n\t<meta name=\"twitter:data1\" content=\"1 minute\" \/>\n<script type=\"application\/ld+json\" class=\"yoast-schema-graph\">{\"@context\":\"https:\/\/schema.org\",\"@graph\":[{\"@type\":\"WebPage\",\"@id\":\"https:\/\/antedate.com\/produit\/grey-flame-beanie\/\",\"url\":\"https:\/\/antedate.com\/produit\/grey-flame-beanie\/\",\"name\":\"Grey Flame Beanie Blue - Ant\u00e9 Dat\u00e9\",\"isPartOf\":{\"@id\":\"https:\/\/antedate.com\/#website\"},\"primaryImageOfPage\":{\"@id\":\"https:\/\/antedate.com\/produit\/grey-flame-beanie\/#primaryimage\"},\"image\":{\"@id\":\"https:\/\/antedate.com\/produit\/grey-flame-beanie\/#primaryimage\"},\"thumbnailUrl\":\"https:\/\/antedate.com\/wp-content\/uploads\/2025\/01\/Ante-Date-Bonnet-Strass-0258-1600x2000-1.jpg\",\"datePublished\":\"2025-01-22T09:58:38+00:00\",\"dateModified\":\"2025-05-19T16:00:48+00:00\",\"breadcrumb\":{\"@id\":\"https:\/\/antedate.com\/produit\/grey-flame-beanie\/#breadcrumb\"},\"inLanguage\":\"en-GB\",\"potentialAction\":[{\"@type\":\"ReadAction\",\"target\":[\"https:\/\/antedate.com\/produit\/grey-flame-beanie\/\"]}]},{\"@type\":\"ImageObject\",\"inLanguage\":\"en-GB\",\"@id\":\"https:\/\/antedate.com\/produit\/grey-flame-beanie\/#primaryimage\",\"url\":\"https:\/\/antedate.com\/wp-content\/uploads\/2025\/01\/Ante-Date-Bonnet-Strass-0258-1600x2000-1.jpg\",\"contentUrl\":\"https:\/\/antedate.com\/wp-content\/uploads\/2025\/01\/Ante-Date-Bonnet-Strass-0258-1600x2000-1.jpg\",\"width\":1600,\"height\":2000},{\"@type\":\"BreadcrumbList\",\"@id\":\"https:\/\/antedate.com\/produit\/grey-flame-beanie\/#breadcrumb\",\"itemListElement\":[{\"@type\":\"ListItem\",\"position\":1,\"name\":\"Accueil\",\"item\":\"https:\/\/antedate.com\/\"},{\"@type\":\"ListItem\",\"position\":2,\"name\":\"Produits\",\"item\":\"https:\/\/antedate.com\/boutique__trashed\/\"},{\"@type\":\"ListItem\",\"position\":3,\"name\":\"Grey Flame Beanie Blue\"}]},{\"@type\":\"WebSite\",\"@id\":\"https:\/\/antedate.com\/#website\",\"url\":\"https:\/\/antedate.com\/\",\"name\":\"Ant\u00e9 Dat\u00e9\",\"description\":\"\",\"publisher\":{\"@id\":\"https:\/\/antedate.com\/#organization\"},\"potentialAction\":[{\"@type\":\"SearchAction\",\"target\":{\"@type\":\"EntryPoint\",\"urlTemplate\":\"https:\/\/antedate.com\/?s={search_term_string}\"},\"query-input\":{\"@type\":\"PropertyValueSpecification\",\"valueRequired\":true,\"valueName\":\"search_term_string\"}}],\"inLanguage\":\"en-GB\"},{\"@type\":\"Organization\",\"@id\":\"https:\/\/antedate.com\/#organization\",\"name\":\"Ant\u00e9 Dat\u00e9\",\"url\":\"https:\/\/antedate.com\/\",\"logo\":{\"@type\":\"ImageObject\",\"inLanguage\":\"en-GB\",\"@id\":\"https:\/\/antedate.com\/#\/schema\/logo\/image\/\",\"url\":\"https:\/\/antedate.com\/wp-content\/uploads\/2024\/09\/cropped-cropped-LOGO-noir.png\",\"contentUrl\":\"https:\/\/antedate.com\/wp-content\/uploads\/2024\/09\/cropped-cropped-LOGO-noir.png\",\"width\":1053,\"height\":220,\"caption\":\"Ant\u00e9 Dat\u00e9\"},\"image\":{\"@id\":\"https:\/\/antedate.com\/#\/schema\/logo\/image\/\"}}]}<\/script>\n<!-- \/ Yoast SEO plugin. -->","yoast_head_json":{"title":"Grey Flame Beanie Blue - Ant\u00e9 Dat\u00e9","robots":{"index":"index","follow":"follow","max-snippet":"max-snippet:-1","max-image-preview":"max-image-preview:large","max-video-preview":"max-video-preview:-1"},"canonical":"https:\/\/antedate.com\/en\/product\/grey-flame-beanie\/","og_locale":"en_GB","og_type":"article","og_title":"Grey Flame Beanie Blue - Ant\u00e9 Dat\u00e9","og_description":"Dessin unique Ant\u00e9 Dat\u00e9 Fin et souple Bonnet en quatre quartiers","og_url":"https:\/\/antedate.com\/en\/product\/grey-flame-beanie\/","og_site_name":"Ant\u00e9 Dat\u00e9","article_modified_time":"2025-05-19T16:00:48+00:00","og_image":[{"width":1600,"height":2000,"url":"https:\/\/antedate.com\/wp-content\/uploads\/2025\/01\/Ante-Date-Bonnet-Strass-0258-1600x2000-1.jpg","type":"image\/jpeg"}],"twitter_card":"summary_large_image","twitter_misc":{"Estimated reading time":"1 minute"},"schema":{"@context":"https:\/\/schema.org","@graph":[{"@type":"WebPage","@id":"https:\/\/antedate.com\/produit\/grey-flame-beanie\/","url":"https:\/\/antedate.com\/produit\/grey-flame-beanie\/","name":"Grey Flame Beanie Blue - Ant\u00e9 Dat\u00e9","isPartOf":{"@id":"https:\/\/antedate.com\/#website"},"primaryImageOfPage":{"@id":"https:\/\/antedate.com\/produit\/grey-flame-beanie\/#primaryimage"},"image":{"@id":"https:\/\/antedate.com\/produit\/grey-flame-beanie\/#primaryimage"},"thumbnailUrl":"https:\/\/antedate.com\/wp-content\/uploads\/2025\/01\/Ante-Date-Bonnet-Strass-0258-1600x2000-1.jpg","datePublished":"2025-01-22T09:58:38+00:00","dateModified":"2025-05-19T16:00:48+00:00","breadcrumb":{"@id":"https:\/\/antedate.com\/produit\/grey-flame-beanie\/#breadcrumb"},"inLanguage":"en-GB","potentialAction":[{"@type":"ReadAction","target":["https:\/\/antedate.com\/produit\/grey-flame-beanie\/"]}]},{"@type":"ImageObject","inLanguage":"en-GB","@id":"https:\/\/antedate.com\/produit\/grey-flame-beanie\/#primaryimage","url":"https:\/\/antedate.com\/wp-content\/uploads\/2025\/01\/Ante-Date-Bonnet-Strass-0258-1600x2000-1.jpg","contentUrl":"https:\/\/antedate.com\/wp-content\/uploads\/2025\/01\/Ante-Date-Bonnet-Strass-0258-1600x2000-1.jpg","width":1600,"height":2000},{"@type":"BreadcrumbList","@id":"https:\/\/antedate.com\/produit\/grey-flame-beanie\/#breadcrumb","itemListElement":[{"@type":"ListItem","position":1,"name":"Accueil","item":"https:\/\/antedate.com\/"},{"@type":"ListItem","position":2,"name":"Produits","item":"https:\/\/antedate.com\/boutique__trashed\/"},{"@type":"ListItem","position":3,"name":"Grey Flame Beanie Blue"}]},{"@type":"WebSite","@id":"https:\/\/antedate.com\/#website","url":"https:\/\/antedate.com\/","name":"Ant\u00e9 Dat\u00e9","description":"","publisher":{"@id":"https:\/\/antedate.com\/#organization"},"potentialAction":[{"@type":"SearchAction","target":{"@type":"EntryPoint","urlTemplate":"https:\/\/antedate.com\/?s={search_term_string}"},"query-input":{"@type":"PropertyValueSpecification","valueRequired":true,"valueName":"search_term_string"}}],"inLanguage":"en-GB"},{"@type":"Organization","@id":"https:\/\/antedate.com\/#organization","name":"Ant\u00e9 Dat\u00e9","url":"https:\/\/antedate.com\/","logo":{"@type":"ImageObject","inLanguage":"en-GB","@id":"https:\/\/antedate.com\/#\/schema\/logo\/image\/","url":"https:\/\/antedate.com\/wp-content\/uploads\/2024\/09\/cropped-cropped-LOGO-noir.png","contentUrl":"https:\/\/antedate.com\/wp-content\/uploads\/2024\/09\/cropped-cropped-LOGO-noir.png","width":1053,"height":220,"caption":"Ant\u00e9 Dat\u00e9"},"image":{"@id":"https:\/\/antedate.com\/#\/schema\/logo\/image\/"}}]}},"_links":{"self":[{"href":"https:\/\/antedate.com\/en\/wp-json\/wp\/v2\/product\/2749","targetHints":{"allow":["GET"]}}],"collection":[{"href":"https:\/\/antedate.com\/en\/wp-json\/wp\/v2\/product"}],"about":[{"href":"https:\/\/antedate.com\/en\/wp-json\/wp\/v2\/types\/product"}],"wp:featuredmedia":[{"embeddable":true,"href":"https:\/\/antedate.com\/en\/wp-json\/wp\/v2\/media\/2703"}],"wp:attachment":[{"href":"https:\/\/antedate.com\/en\/wp-json\/wp\/v2\/media?parent=2749"}],"wp:term":[{"taxonomy":"product_brand","embeddable":true,"href":"https:\/\/antedate.com\/en\/wp-json\/wp\/v2\/product_brand?post=2749"},{"taxonomy":"product_cat","embeddable":true,"href":"https:\/\/antedate.com\/en\/wp-json\/wp\/v2\/product_cat?post=2749"},{"taxonomy":"product_tag","embeddable":true,"href":"https:\/\/antedate.com\/en\/wp-json\/wp\/v2\/product_tag?post=2749"}],"curies":[{"name":"wp","href":"https:\/\/api.w.org\/{rel}","templated":true}]}}