{"id":63,"date":"2023-04-20T17:58:48","date_gmt":"2023-04-20T15:58:48","guid":{"rendered":"https:\/\/antedate-clothing.com\/?post_type=product&#038;p=63"},"modified":"2025-05-19T16:38:39","modified_gmt":"2025-05-19T14:38:39","slug":"shark-shirt","status":"publish","type":"product","link":"https:\/\/antedate.com\/en\/product\/shark-shirt\/","title":{"rendered":"Shark Shirt"},"content":{"rendered":"<p>Coutures en \u00ab\u00a0dents de requin\u00a0\u00bb ; jonction buste, dos, manches, col<br \/>\nHorn buttons<br \/>\nSoft, supple, semi-lightweight cotton<br \/>\nBack pleats<\/p>","protected":false},"excerpt":{"rendered":"<p>Cette chemise \u00e0 \u00e9t\u00e9 confectionn\u00e9e \u00e0 la main par l\u2019atelier \u00e9thique \u201csecondemain-brand\u201d, dont chaque d\u00e9tail \u00e0 \u00e9t\u00e9 minutieusement travaill\u00e9.<\/p>","protected":false},"featured_media":2555,"template":"","meta":{"_acf_changed":false},"product_brand":[],"product_cat":[17],"product_tag":[],"class_list":{"0":"post-63","1":"product","2":"type-product","3":"status-publish","4":"has-post-thumbnail","6":"product_cat-non-classe","8":"first","9":"instock","10":"shipping-taxable","11":"purchasable","12":"product-type-variable","13":"has-default-attributes"},"acf":[],"yoast_head":"<!-- This site is optimized with the Yoast SEO plugin v26.6 - https:\/\/yoast.com\/wordpress\/plugins\/seo\/ -->\n<title>Shark Shirt - Ant\u00e9 Dat\u00e9<\/title>\n<meta name=\"description\" content=\"Des coutures en \u201cdents de requin\u201d transforment la jonction du buste, du dos, des manches, et du col, donnant ainsi le nom Shark Shirt.\" \/>\n<meta name=\"robots\" content=\"index, follow, max-snippet:-1, max-image-preview:large, max-video-preview:-1\" \/>\n<link rel=\"canonical\" href=\"https:\/\/antedate.com\/en\/product\/shark-shirt\/\" \/>\n<meta property=\"og:locale\" content=\"en_GB\" \/>\n<meta property=\"og:type\" content=\"article\" \/>\n<meta property=\"og:title\" content=\"Shark Shirt - Ant\u00e9 Dat\u00e9\" \/>\n<meta property=\"og:description\" content=\"Des coutures en \u201cdents de requin\u201d transforment la jonction du buste, du dos, des manches, et du col, donnant ainsi le nom Shark Shirt.\" \/>\n<meta property=\"og:url\" content=\"https:\/\/antedate.com\/en\/product\/shark-shirt\/\" \/>\n<meta property=\"og:site_name\" content=\"Ant\u00e9 Dat\u00e9\" \/>\n<meta property=\"article:modified_time\" content=\"2025-05-19T14:38:39+00:00\" \/>\n<meta property=\"og:image\" content=\"https:\/\/antedate.com\/wp-content\/uploads\/2024\/09\/chemise-aggrandi-home.jpg\" \/>\n\t<meta property=\"og:image:width\" content=\"1600\" \/>\n\t<meta property=\"og:image:height\" content=\"2000\" \/>\n\t<meta property=\"og:image:type\" content=\"image\/jpeg\" \/>\n<meta name=\"twitter:card\" content=\"summary_large_image\" \/>\n<meta name=\"twitter:label1\" content=\"Estimated reading time\" \/>\n\t<meta name=\"twitter:data1\" content=\"1 minute\" \/>\n<script type=\"application\/ld+json\" class=\"yoast-schema-graph\">{\"@context\":\"https:\/\/schema.org\",\"@graph\":[{\"@type\":\"WebPage\",\"@id\":\"https:\/\/antedate.com\/produit\/shark-shirt\/\",\"url\":\"https:\/\/antedate.com\/produit\/shark-shirt\/\",\"name\":\"Shark Shirt - Ant\u00e9 Dat\u00e9\",\"isPartOf\":{\"@id\":\"https:\/\/antedate.com\/#website\"},\"primaryImageOfPage\":{\"@id\":\"https:\/\/antedate.com\/produit\/shark-shirt\/#primaryimage\"},\"image\":{\"@id\":\"https:\/\/antedate.com\/produit\/shark-shirt\/#primaryimage\"},\"thumbnailUrl\":\"https:\/\/antedate.com\/wp-content\/uploads\/2024\/09\/chemise-aggrandi-home.jpg\",\"datePublished\":\"2023-04-20T15:58:48+00:00\",\"dateModified\":\"2025-05-19T14:38:39+00:00\",\"description\":\"Des coutures en \u201cdents de requin\u201d transforment la jonction du buste, du dos, des manches, et du col, donnant ainsi le nom Shark Shirt.\",\"breadcrumb\":{\"@id\":\"https:\/\/antedate.com\/produit\/shark-shirt\/#breadcrumb\"},\"inLanguage\":\"en-GB\",\"potentialAction\":[{\"@type\":\"ReadAction\",\"target\":[\"https:\/\/antedate.com\/produit\/shark-shirt\/\"]}]},{\"@type\":\"ImageObject\",\"inLanguage\":\"en-GB\",\"@id\":\"https:\/\/antedate.com\/produit\/shark-shirt\/#primaryimage\",\"url\":\"https:\/\/antedate.com\/wp-content\/uploads\/2024\/09\/chemise-aggrandi-home.jpg\",\"contentUrl\":\"https:\/\/antedate.com\/wp-content\/uploads\/2024\/09\/chemise-aggrandi-home.jpg\",\"width\":1600,\"height\":2000,\"caption\":\"ante date - photo packshot face shark shirt\"},{\"@type\":\"BreadcrumbList\",\"@id\":\"https:\/\/antedate.com\/produit\/shark-shirt\/#breadcrumb\",\"itemListElement\":[{\"@type\":\"ListItem\",\"position\":1,\"name\":\"Accueil\",\"item\":\"https:\/\/antedate.com\/\"},{\"@type\":\"ListItem\",\"position\":2,\"name\":\"Produits\",\"item\":\"https:\/\/antedate.com\/boutique__trashed\/\"},{\"@type\":\"ListItem\",\"position\":3,\"name\":\"Shark Shirt\"}]},{\"@type\":\"WebSite\",\"@id\":\"https:\/\/antedate.com\/#website\",\"url\":\"https:\/\/antedate.com\/\",\"name\":\"Ant\u00e9 Dat\u00e9\",\"description\":\"\",\"publisher\":{\"@id\":\"https:\/\/antedate.com\/#organization\"},\"potentialAction\":[{\"@type\":\"SearchAction\",\"target\":{\"@type\":\"EntryPoint\",\"urlTemplate\":\"https:\/\/antedate.com\/?s={search_term_string}\"},\"query-input\":{\"@type\":\"PropertyValueSpecification\",\"valueRequired\":true,\"valueName\":\"search_term_string\"}}],\"inLanguage\":\"en-GB\"},{\"@type\":\"Organization\",\"@id\":\"https:\/\/antedate.com\/#organization\",\"name\":\"Ant\u00e9 Dat\u00e9\",\"url\":\"https:\/\/antedate.com\/\",\"logo\":{\"@type\":\"ImageObject\",\"inLanguage\":\"en-GB\",\"@id\":\"https:\/\/antedate.com\/#\/schema\/logo\/image\/\",\"url\":\"https:\/\/antedate.com\/wp-content\/uploads\/2024\/09\/cropped-cropped-LOGO-noir.png\",\"contentUrl\":\"https:\/\/antedate.com\/wp-content\/uploads\/2024\/09\/cropped-cropped-LOGO-noir.png\",\"width\":1053,\"height\":220,\"caption\":\"Ant\u00e9 Dat\u00e9\"},\"image\":{\"@id\":\"https:\/\/antedate.com\/#\/schema\/logo\/image\/\"}}]}<\/script>\n<!-- \/ Yoast SEO plugin. -->","yoast_head_json":{"title":"Shark Shirt - Ant\u00e9 Dat\u00e9","description":"\u201cShark-tooth\" seams transform the junction of chest, back, sleeves and collar, giving the Shark Shirt its name.","robots":{"index":"index","follow":"follow","max-snippet":"max-snippet:-1","max-image-preview":"max-image-preview:large","max-video-preview":"max-video-preview:-1"},"canonical":"https:\/\/antedate.com\/en\/product\/shark-shirt\/","og_locale":"en_GB","og_type":"article","og_title":"Shark Shirt - Ant\u00e9 Dat\u00e9","og_description":"Des coutures en \u201cdents de requin\u201d transforment la jonction du buste, du dos, des manches, et du col, donnant ainsi le nom Shark Shirt.","og_url":"https:\/\/antedate.com\/en\/product\/shark-shirt\/","og_site_name":"Ant\u00e9 Dat\u00e9","article_modified_time":"2025-05-19T14:38:39+00:00","og_image":[{"width":1600,"height":2000,"url":"https:\/\/antedate.com\/wp-content\/uploads\/2024\/09\/chemise-aggrandi-home.jpg","type":"image\/jpeg"}],"twitter_card":"summary_large_image","twitter_misc":{"Estimated reading time":"1 minute"},"schema":{"@context":"https:\/\/schema.org","@graph":[{"@type":"WebPage","@id":"https:\/\/antedate.com\/produit\/shark-shirt\/","url":"https:\/\/antedate.com\/produit\/shark-shirt\/","name":"Shark Shirt - Ant\u00e9 Dat\u00e9","isPartOf":{"@id":"https:\/\/antedate.com\/#website"},"primaryImageOfPage":{"@id":"https:\/\/antedate.com\/produit\/shark-shirt\/#primaryimage"},"image":{"@id":"https:\/\/antedate.com\/produit\/shark-shirt\/#primaryimage"},"thumbnailUrl":"https:\/\/antedate.com\/wp-content\/uploads\/2024\/09\/chemise-aggrandi-home.jpg","datePublished":"2023-04-20T15:58:48+00:00","dateModified":"2025-05-19T14:38:39+00:00","description":"\u201cShark-tooth\" seams transform the junction of chest, back, sleeves and collar, giving the Shark Shirt its name.","breadcrumb":{"@id":"https:\/\/antedate.com\/produit\/shark-shirt\/#breadcrumb"},"inLanguage":"en-GB","potentialAction":[{"@type":"ReadAction","target":["https:\/\/antedate.com\/produit\/shark-shirt\/"]}]},{"@type":"ImageObject","inLanguage":"en-GB","@id":"https:\/\/antedate.com\/produit\/shark-shirt\/#primaryimage","url":"https:\/\/antedate.com\/wp-content\/uploads\/2024\/09\/chemise-aggrandi-home.jpg","contentUrl":"https:\/\/antedate.com\/wp-content\/uploads\/2024\/09\/chemise-aggrandi-home.jpg","width":1600,"height":2000,"caption":"ante date - photo packshot face shark shirt"},{"@type":"BreadcrumbList","@id":"https:\/\/antedate.com\/produit\/shark-shirt\/#breadcrumb","itemListElement":[{"@type":"ListItem","position":1,"name":"Accueil","item":"https:\/\/antedate.com\/"},{"@type":"ListItem","position":2,"name":"Produits","item":"https:\/\/antedate.com\/boutique__trashed\/"},{"@type":"ListItem","position":3,"name":"Shark Shirt"}]},{"@type":"WebSite","@id":"https:\/\/antedate.com\/#website","url":"https:\/\/antedate.com\/","name":"Ant\u00e9 Dat\u00e9","description":"","publisher":{"@id":"https:\/\/antedate.com\/#organization"},"potentialAction":[{"@type":"SearchAction","target":{"@type":"EntryPoint","urlTemplate":"https:\/\/antedate.com\/?s={search_term_string}"},"query-input":{"@type":"PropertyValueSpecification","valueRequired":true,"valueName":"search_term_string"}}],"inLanguage":"en-GB"},{"@type":"Organization","@id":"https:\/\/antedate.com\/#organization","name":"Ant\u00e9 Dat\u00e9","url":"https:\/\/antedate.com\/","logo":{"@type":"ImageObject","inLanguage":"en-GB","@id":"https:\/\/antedate.com\/#\/schema\/logo\/image\/","url":"https:\/\/antedate.com\/wp-content\/uploads\/2024\/09\/cropped-cropped-LOGO-noir.png","contentUrl":"https:\/\/antedate.com\/wp-content\/uploads\/2024\/09\/cropped-cropped-LOGO-noir.png","width":1053,"height":220,"caption":"Ant\u00e9 Dat\u00e9"},"image":{"@id":"https:\/\/antedate.com\/#\/schema\/logo\/image\/"}}]}},"_links":{"self":[{"href":"https:\/\/antedate.com\/en\/wp-json\/wp\/v2\/product\/63","targetHints":{"allow":["GET"]}}],"collection":[{"href":"https:\/\/antedate.com\/en\/wp-json\/wp\/v2\/product"}],"about":[{"href":"https:\/\/antedate.com\/en\/wp-json\/wp\/v2\/types\/product"}],"wp:featuredmedia":[{"embeddable":true,"href":"https:\/\/antedate.com\/en\/wp-json\/wp\/v2\/media\/2555"}],"wp:attachment":[{"href":"https:\/\/antedate.com\/en\/wp-json\/wp\/v2\/media?parent=63"}],"wp:term":[{"taxonomy":"product_brand","embeddable":true,"href":"https:\/\/antedate.com\/en\/wp-json\/wp\/v2\/product_brand?post=63"},{"taxonomy":"product_cat","embeddable":true,"href":"https:\/\/antedate.com\/en\/wp-json\/wp\/v2\/product_cat?post=63"},{"taxonomy":"product_tag","embeddable":true,"href":"https:\/\/antedate.com\/en\/wp-json\/wp\/v2\/product_tag?post=63"}],"curies":[{"name":"wp","href":"https:\/\/api.w.org\/{rel}","templated":true}]}}