{"id":65,"date":"2023-06-20T18:00:41","date_gmt":"2023-06-20T16:00:41","guid":{"rendered":"https:\/\/antedate-clothing.com\/?post_type=product&#038;p=65"},"modified":"2025-05-19T17:36:58","modified_gmt":"2025-05-19T15:36:58","slug":"arrowheads-knit-headband","status":"publish","type":"product","link":"https:\/\/antedate.com\/en\/product\/arrowheads-knit-headband\/","title":{"rendered":"Arrowheads Knit Headband"},"content":{"rendered":"<p>Braid and arrowhead patterns<br \/>\nCircular movement<br \/>\nNaturally tight<br \/>\nTakes on the shape of the head over time<\/p>","protected":false},"excerpt":{"rendered":"<p>Ce bandeau est tricot\u00e9 en France avec de la laine m\u00e9rinos, un fil naturel connu pour \u00eatre doux, souple et thermor\u00e9gulateur.<\/p>","protected":false},"featured_media":2549,"template":"","meta":{"_acf_changed":false},"product_brand":[],"product_cat":[17],"product_tag":[],"class_list":{"0":"post-65","1":"product","2":"type-product","3":"status-publish","4":"has-post-thumbnail","6":"product_cat-non-classe","8":"first","9":"outofstock","10":"shipping-taxable","11":"purchasable","12":"product-type-simple"},"acf":[],"yoast_head":"<!-- This site is optimized with the Yoast SEO plugin v26.6 - https:\/\/yoast.com\/wordpress\/plugins\/seo\/ -->\n<title>Arrowheads Knit Headband - Ant\u00e9 Dat\u00e9<\/title>\n<meta name=\"description\" content=\"Ce bandeau est tricot\u00e9 en France avec de la laine m\u00e9rinos, un fil naturel connu pour \u00eatre doux, souple et thermor\u00e9gulateur.\" \/>\n<meta name=\"robots\" content=\"index, follow, max-snippet:-1, max-image-preview:large, max-video-preview:-1\" \/>\n<link rel=\"canonical\" href=\"https:\/\/antedate.com\/en\/product\/arrowheads-knit-headband\/\" \/>\n<meta property=\"og:locale\" content=\"en_GB\" \/>\n<meta property=\"og:type\" content=\"article\" \/>\n<meta property=\"og:title\" content=\"Arrowheads Knit Headband - Ant\u00e9 Dat\u00e9\" \/>\n<meta property=\"og:description\" content=\"Ce bandeau est tricot\u00e9 en France avec de la laine m\u00e9rinos, un fil naturel connu pour \u00eatre doux, souple et thermor\u00e9gulateur.\" \/>\n<meta property=\"og:url\" content=\"https:\/\/antedate.com\/en\/product\/arrowheads-knit-headband\/\" \/>\n<meta property=\"og:site_name\" content=\"Ant\u00e9 Dat\u00e9\" \/>\n<meta property=\"article:modified_time\" content=\"2025-05-19T15:36:58+00:00\" \/>\n<meta property=\"og:image\" content=\"https:\/\/antedate.com\/wp-content\/uploads\/2024\/09\/Arrowheads-Knit-Headband-home.jpg\" \/>\n\t<meta property=\"og:image:width\" content=\"1600\" \/>\n\t<meta property=\"og:image:height\" content=\"2000\" \/>\n\t<meta property=\"og:image:type\" content=\"image\/jpeg\" \/>\n<meta name=\"twitter:card\" content=\"summary_large_image\" \/>\n<meta name=\"twitter:label1\" content=\"Estimated reading time\" \/>\n\t<meta name=\"twitter:data1\" content=\"1 minute\" \/>\n<script type=\"application\/ld+json\" class=\"yoast-schema-graph\">{\"@context\":\"https:\/\/schema.org\",\"@graph\":[{\"@type\":\"WebPage\",\"@id\":\"https:\/\/antedate.com\/produit\/arrowheads-knit-headband\/\",\"url\":\"https:\/\/antedate.com\/produit\/arrowheads-knit-headband\/\",\"name\":\"Arrowheads Knit Headband - Ant\u00e9 Dat\u00e9\",\"isPartOf\":{\"@id\":\"https:\/\/antedate.com\/#website\"},\"primaryImageOfPage\":{\"@id\":\"https:\/\/antedate.com\/produit\/arrowheads-knit-headband\/#primaryimage\"},\"image\":{\"@id\":\"https:\/\/antedate.com\/produit\/arrowheads-knit-headband\/#primaryimage\"},\"thumbnailUrl\":\"https:\/\/antedate.com\/wp-content\/uploads\/2024\/09\/Arrowheads-Knit-Headband-home.jpg\",\"datePublished\":\"2023-06-20T16:00:41+00:00\",\"dateModified\":\"2025-05-19T15:36:58+00:00\",\"description\":\"Ce bandeau est tricot\u00e9 en France avec de la laine m\u00e9rinos, un fil naturel connu pour \u00eatre doux, souple et thermor\u00e9gulateur.\",\"breadcrumb\":{\"@id\":\"https:\/\/antedate.com\/produit\/arrowheads-knit-headband\/#breadcrumb\"},\"inLanguage\":\"en-GB\",\"potentialAction\":[{\"@type\":\"ReadAction\",\"target\":[\"https:\/\/antedate.com\/produit\/arrowheads-knit-headband\/\"]}]},{\"@type\":\"ImageObject\",\"inLanguage\":\"en-GB\",\"@id\":\"https:\/\/antedate.com\/produit\/arrowheads-knit-headband\/#primaryimage\",\"url\":\"https:\/\/antedate.com\/wp-content\/uploads\/2024\/09\/Arrowheads-Knit-Headband-home.jpg\",\"contentUrl\":\"https:\/\/antedate.com\/wp-content\/uploads\/2024\/09\/Arrowheads-Knit-Headband-home.jpg\",\"width\":1600,\"height\":2000,\"caption\":\"ante date - arrowheads headband packshot\"},{\"@type\":\"BreadcrumbList\",\"@id\":\"https:\/\/antedate.com\/produit\/arrowheads-knit-headband\/#breadcrumb\",\"itemListElement\":[{\"@type\":\"ListItem\",\"position\":1,\"name\":\"Accueil\",\"item\":\"https:\/\/antedate.com\/\"},{\"@type\":\"ListItem\",\"position\":2,\"name\":\"Produits\",\"item\":\"https:\/\/antedate.com\/boutique__trashed\/\"},{\"@type\":\"ListItem\",\"position\":3,\"name\":\"Arrowheads Knit Headband\"}]},{\"@type\":\"WebSite\",\"@id\":\"https:\/\/antedate.com\/#website\",\"url\":\"https:\/\/antedate.com\/\",\"name\":\"Ant\u00e9 Dat\u00e9\",\"description\":\"\",\"publisher\":{\"@id\":\"https:\/\/antedate.com\/#organization\"},\"potentialAction\":[{\"@type\":\"SearchAction\",\"target\":{\"@type\":\"EntryPoint\",\"urlTemplate\":\"https:\/\/antedate.com\/?s={search_term_string}\"},\"query-input\":{\"@type\":\"PropertyValueSpecification\",\"valueRequired\":true,\"valueName\":\"search_term_string\"}}],\"inLanguage\":\"en-GB\"},{\"@type\":\"Organization\",\"@id\":\"https:\/\/antedate.com\/#organization\",\"name\":\"Ant\u00e9 Dat\u00e9\",\"url\":\"https:\/\/antedate.com\/\",\"logo\":{\"@type\":\"ImageObject\",\"inLanguage\":\"en-GB\",\"@id\":\"https:\/\/antedate.com\/#\/schema\/logo\/image\/\",\"url\":\"https:\/\/antedate.com\/wp-content\/uploads\/2024\/09\/cropped-cropped-LOGO-noir.png\",\"contentUrl\":\"https:\/\/antedate.com\/wp-content\/uploads\/2024\/09\/cropped-cropped-LOGO-noir.png\",\"width\":1053,\"height\":220,\"caption\":\"Ant\u00e9 Dat\u00e9\"},\"image\":{\"@id\":\"https:\/\/antedate.com\/#\/schema\/logo\/image\/\"}}]}<\/script>\n<!-- \/ Yoast SEO plugin. -->","yoast_head_json":{"title":"Arrowheads Knit Headband - Ant\u00e9 Dat\u00e9","description":"Ce bandeau est tricot\u00e9 en France avec de la laine m\u00e9rinos, un fil naturel connu pour \u00eatre doux, souple et thermor\u00e9gulateur.","robots":{"index":"index","follow":"follow","max-snippet":"max-snippet:-1","max-image-preview":"max-image-preview:large","max-video-preview":"max-video-preview:-1"},"canonical":"https:\/\/antedate.com\/en\/product\/arrowheads-knit-headband\/","og_locale":"en_GB","og_type":"article","og_title":"Arrowheads Knit Headband - Ant\u00e9 Dat\u00e9","og_description":"Ce bandeau est tricot\u00e9 en France avec de la laine m\u00e9rinos, un fil naturel connu pour \u00eatre doux, souple et thermor\u00e9gulateur.","og_url":"https:\/\/antedate.com\/en\/product\/arrowheads-knit-headband\/","og_site_name":"Ant\u00e9 Dat\u00e9","article_modified_time":"2025-05-19T15:36:58+00:00","og_image":[{"width":1600,"height":2000,"url":"https:\/\/antedate.com\/wp-content\/uploads\/2024\/09\/Arrowheads-Knit-Headband-home.jpg","type":"image\/jpeg"}],"twitter_card":"summary_large_image","twitter_misc":{"Estimated reading time":"1 minute"},"schema":{"@context":"https:\/\/schema.org","@graph":[{"@type":"WebPage","@id":"https:\/\/antedate.com\/produit\/arrowheads-knit-headband\/","url":"https:\/\/antedate.com\/produit\/arrowheads-knit-headband\/","name":"Arrowheads Knit Headband - Ant\u00e9 Dat\u00e9","isPartOf":{"@id":"https:\/\/antedate.com\/#website"},"primaryImageOfPage":{"@id":"https:\/\/antedate.com\/produit\/arrowheads-knit-headband\/#primaryimage"},"image":{"@id":"https:\/\/antedate.com\/produit\/arrowheads-knit-headband\/#primaryimage"},"thumbnailUrl":"https:\/\/antedate.com\/wp-content\/uploads\/2024\/09\/Arrowheads-Knit-Headband-home.jpg","datePublished":"2023-06-20T16:00:41+00:00","dateModified":"2025-05-19T15:36:58+00:00","description":"Ce bandeau est tricot\u00e9 en France avec de la laine m\u00e9rinos, un fil naturel connu pour \u00eatre doux, souple et thermor\u00e9gulateur.","breadcrumb":{"@id":"https:\/\/antedate.com\/produit\/arrowheads-knit-headband\/#breadcrumb"},"inLanguage":"en-GB","potentialAction":[{"@type":"ReadAction","target":["https:\/\/antedate.com\/produit\/arrowheads-knit-headband\/"]}]},{"@type":"ImageObject","inLanguage":"en-GB","@id":"https:\/\/antedate.com\/produit\/arrowheads-knit-headband\/#primaryimage","url":"https:\/\/antedate.com\/wp-content\/uploads\/2024\/09\/Arrowheads-Knit-Headband-home.jpg","contentUrl":"https:\/\/antedate.com\/wp-content\/uploads\/2024\/09\/Arrowheads-Knit-Headband-home.jpg","width":1600,"height":2000,"caption":"ante date - arrowheads headband packshot"},{"@type":"BreadcrumbList","@id":"https:\/\/antedate.com\/produit\/arrowheads-knit-headband\/#breadcrumb","itemListElement":[{"@type":"ListItem","position":1,"name":"Accueil","item":"https:\/\/antedate.com\/"},{"@type":"ListItem","position":2,"name":"Produits","item":"https:\/\/antedate.com\/boutique__trashed\/"},{"@type":"ListItem","position":3,"name":"Arrowheads Knit Headband"}]},{"@type":"WebSite","@id":"https:\/\/antedate.com\/#website","url":"https:\/\/antedate.com\/","name":"Ant\u00e9 Dat\u00e9","description":"","publisher":{"@id":"https:\/\/antedate.com\/#organization"},"potentialAction":[{"@type":"SearchAction","target":{"@type":"EntryPoint","urlTemplate":"https:\/\/antedate.com\/?s={search_term_string}"},"query-input":{"@type":"PropertyValueSpecification","valueRequired":true,"valueName":"search_term_string"}}],"inLanguage":"en-GB"},{"@type":"Organization","@id":"https:\/\/antedate.com\/#organization","name":"Ant\u00e9 Dat\u00e9","url":"https:\/\/antedate.com\/","logo":{"@type":"ImageObject","inLanguage":"en-GB","@id":"https:\/\/antedate.com\/#\/schema\/logo\/image\/","url":"https:\/\/antedate.com\/wp-content\/uploads\/2024\/09\/cropped-cropped-LOGO-noir.png","contentUrl":"https:\/\/antedate.com\/wp-content\/uploads\/2024\/09\/cropped-cropped-LOGO-noir.png","width":1053,"height":220,"caption":"Ant\u00e9 Dat\u00e9"},"image":{"@id":"https:\/\/antedate.com\/#\/schema\/logo\/image\/"}}]}},"_links":{"self":[{"href":"https:\/\/antedate.com\/en\/wp-json\/wp\/v2\/product\/65","targetHints":{"allow":["GET"]}}],"collection":[{"href":"https:\/\/antedate.com\/en\/wp-json\/wp\/v2\/product"}],"about":[{"href":"https:\/\/antedate.com\/en\/wp-json\/wp\/v2\/types\/product"}],"wp:featuredmedia":[{"embeddable":true,"href":"https:\/\/antedate.com\/en\/wp-json\/wp\/v2\/media\/2549"}],"wp:attachment":[{"href":"https:\/\/antedate.com\/en\/wp-json\/wp\/v2\/media?parent=65"}],"wp:term":[{"taxonomy":"product_brand","embeddable":true,"href":"https:\/\/antedate.com\/en\/wp-json\/wp\/v2\/product_brand?post=65"},{"taxonomy":"product_cat","embeddable":true,"href":"https:\/\/antedate.com\/en\/wp-json\/wp\/v2\/product_cat?post=65"},{"taxonomy":"product_tag","embeddable":true,"href":"https:\/\/antedate.com\/en\/wp-json\/wp\/v2\/product_tag?post=65"}],"curies":[{"name":"wp","href":"https:\/\/api.w.org\/{rel}","templated":true}]}}